{"id":580,"date":"2021-08-19T17:03:19","date_gmt":"2021-08-19T15:03:19","guid":{"rendered":"https:\/\/www.workcontrol.ch\/?page_id=580"},"modified":"2024-05-01T10:01:42","modified_gmt":"2024-05-01T08:01:42","slug":"sample-page","status":"publish","type":"page","link":"https:\/\/www.workcontrol.ch\/fr\/","title":{"rendered":"Home"},"content":{"rendered":"\n<div class=\"wp-block-group is-style-wcs-cover-group\"><div class=\"wp-block-group__inner-container is-layout-flow wp-block-group-is-layout-flow\">\n<figure class=\"wp-block-image size-full cover-image\"><img loading=\"lazy\" decoding=\"async\" width=\"2560\" height=\"1410\" src=\"\/wp-content\/uploads\/home-workcontrol.jpg\" alt=\"\" class=\"wp-image-62\" srcset=\"https:\/\/www.workcontrol.ch\/wp-content\/uploads\/home-workcontrol.jpg 2560w, https:\/\/www.workcontrol.ch\/wp-content\/uploads\/home-workcontrol-900x496.jpg 900w, https:\/\/www.workcontrol.ch\/wp-content\/uploads\/home-workcontrol-1280x705.jpg 1280w, https:\/\/www.workcontrol.ch\/wp-content\/uploads\/home-workcontrol-768x423.jpg 768w, https:\/\/www.workcontrol.ch\/wp-content\/uploads\/home-workcontrol-1536x846.jpg 1536w, https:\/\/www.workcontrol.ch\/wp-content\/uploads\/home-workcontrol-2048x1128.jpg 2048w, https:\/\/www.workcontrol.ch\/wp-content\/uploads\/home-workcontrol-1920x1058.jpg 1920w\" sizes=\"auto, (max-width: 2560px) 100vw, 2560px\" \/><\/figure>\n\n\n\n<figure class=\"wp-block-image size-large cover-logo\"><img loading=\"lazy\" decoding=\"async\" width=\"538\" height=\"127\" src=\"\/wp-content\/uploads\/logo-workcontrol-suisse.svg\" alt=\"Workcontrol Suisse\" class=\"wp-image-74\"\/><\/figure>\n\n\n\n<h1 class=\"wp-block-heading cover-h1\">Mise en \u0153uvre conjointe de la loi sur les travailleurs d\u00e9tach\u00e9s et de la responsabilit\u00e9 solidaire<\/h1>\n\n\n\n<!-- rote linie -->\n<div class=\"line-red-full\"><\/div> \n                                \n<!-- blaue linie -->\n<div class=\"line-blue-70\"><\/div>\n\n<!-- scroll down arrow -->\n<div class=\"scroll-down\"><\/div>\n<\/div><\/div>\n\n\n\n<div class=\"wp-block-group is-style-wcs-white-block\"><div class=\"wp-block-group__inner-container is-layout-flow wp-block-group-is-layout-flow\">\n<figure class=\"wp-block-embed is-type-video is-provider-vimeo wp-block-embed-vimeo wp-embed-aspect-16-9 wp-has-aspect-ratio\"><div class=\"wp-block-embed__wrapper\">\n <div class=\"brlbs-cmpnt-container brlbs-cmpnt-content-blocker brlbs-cmpnt-with-individual-styles\" data-borlabs-cookie-content-blocker-id=\"default\" data-borlabs-cookie-content=\"PGlmcmFtZSB0aXRsZT0iV09SS0NPTlRST0wiIHNyYz0iaHR0cHM6Ly9wbGF5ZXIudmltZW8uY29tL3ZpZGVvLzU3MDI3NTc1OD9kbnQ9MSZhbXA7YXBwX2lkPTEyMjk2MyZhbXA7aD1mZWNiZjYzZTdmIiB3aWR0aD0iNzUwIiBoZWlnaHQ9IjQyMiIgZnJhbWVib3JkZXI9IjAiIGFsbG93PSJhdXRvcGxheTsgZnVsbHNjcmVlbjsgcGljdHVyZS1pbi1waWN0dXJlIiBhbGxvd2Z1bGxzY3JlZW4+PC9pZnJhbWU+\"><div class=\"brlbs-cmpnt-cb-preset-a\"> <p class=\"brlbs-cmpnt-cb-description\">Vous \u00eates actuellement en train de consulter le contenu d&rsquo;un espace r\u00e9serv\u00e9 de <strong>Par d\u00e9faut<\/strong>. Pour acc\u00e9der au contenu r\u00e9el, cliquez sur le bouton ci-dessous. Veuillez noter que ce faisant, des donn\u00e9es seront partag\u00e9es avec des providers tiers.<\/p> <div class=\"brlbs-cmpnt-cb-buttons\"> <a class=\"brlbs-cmpnt-cb-btn\" href=\"#\" data-borlabs-cookie-unblock role=\"button\">D\u00e9bloquer le contenu<\/a> <a class=\"brlbs-cmpnt-cb-btn\" href=\"#\" data-borlabs-cookie-accept-service role=\"button\" style=\"display: none\">Accepter le service requis et d\u00e9bloquer le contenu<\/a> <\/div> <a class=\"brlbs-cmpnt-cb-provider-toggle\" href=\"#\" data-borlabs-cookie-show-provider-information role=\"button\">Plus d&rsquo;informations<\/a> <\/div><\/div>\n<\/div><\/figure>\n\n\n<div class=\"wp-block-columns home-items-3 col-unset is-layout-flex wp-container-core-columns-is-layout-9d6595d7 wp-block-columns-is-layout-flex\">\n\n<div class=\"wp-block-column is-style-column-badge col-red\"><div class=\"wp-block-column-inner is-layout-flow wp-block-column-is-layout-flow\">\n<h3 class=\"wp-block-heading\">Badge<\/h3>\n\n\n\n<p>Badge WORKCONTROL \u2013 l\u2019acc\u00e8s valid\u00e9 au chantier<\/p>\n\n\n\n<p><a href=\"https:\/\/www.workcontrol.ch\/fr\/prestations\/#badge\" title=\"Badge\">En savoir plus<\/a><\/p>\n<\/div><\/div>\n\n<div class=\"wp-block-column is-style-column-badge col-blue\"><div class=\"wp-block-column-inner is-layout-flow wp-block-column-is-layout-flow\">\n<h3 class=\"wp-block-heading\"><strong>Inscription<\/strong><\/h3>\n\n\n\n<p>Entreprises sous-traitantes&nbsp;\u2013 une inscription unique pour b\u00e9n\u00e9ficier de nos services<\/p>\n\n\n\n<p><a href=\"https:\/\/www.workcontrol.ch\/fr\/prestations\/#inscription\" title=\"Inscription\">En savoir plus<\/a><\/p>\n<\/div><\/div>\n\n<div class=\"wp-block-column is-style-column-badge col-gray-dark\"><div class=\"wp-block-column-inner is-layout-flow wp-block-column-is-layout-flow\">\n<h3 class=\"wp-block-heading\"><strong>Actualit\u00e9s<\/strong><\/h3>\n\n\n\n<p>Le secteur de la construction est en \u00e9volution. Nous aussi. Restez inform\u00e9s.<\/p>\n\n\n\n<p><a href=\"https:\/\/www.workcontrol.ch\/fr\/actualites\/\" title=\"Actualit\u00e9s\">En savoir plus<\/a><\/p>\n<\/div><\/div>\n<\/div><!--\/ .wp-block-columns -->\n<\/div><\/div>\n\n\n\n<div class=\"wp-block-group\"><div class=\"wp-block-group__inner-container is-layout-flow wp-block-group-is-layout-flow\"><div class=\"wp-block-columns is-style-img-left-text-right col-blue\">\n\n<div class=\"wp-block-column\"><div class=\"wp-block-column-inner is-layout-flow wp-block-column-is-layout-flow\">\n<figure class=\"wp-block-image size-full\"><img loading=\"lazy\" decoding=\"async\" width=\"1280\" height=\"1280\" src=\"\/wp-content\/uploads\/home-block-2.jpg\" alt=\"\" class=\"wp-image-67\" srcset=\"https:\/\/www.workcontrol.ch\/wp-content\/uploads\/home-block-2.jpg 1280w, https:\/\/www.workcontrol.ch\/wp-content\/uploads\/home-block-2-900x900.jpg 900w, https:\/\/www.workcontrol.ch\/wp-content\/uploads\/home-block-2-450x450.jpg 450w, https:\/\/www.workcontrol.ch\/wp-content\/uploads\/home-block-2-768x768.jpg 768w\" sizes=\"auto, (max-width: 1280px) 100vw, 1280px\" \/><figcaption class=\"wp-element-caption\">WORKCONTROL<\/figcaption><\/figure>\n<\/div><\/div>\n\n<div class=\"wp-block-column\"><div class=\"wp-block-column-inner is-layout-flow wp-block-column-is-layout-flow\">\n<h2 class=\"wp-block-heading\">WORKCONTROL<\/h2>\n\n\n\n<p>La plateforme de services pour le secteur de la construction suisse.<\/p>\n\n\n\n<p>Une simple proc\u00e9dure de d\u00e9claration \u00e9lectronique permet aux entrepreneurs contractants et aux sous-traitants de b\u00e9n\u00e9ficier conjointement d\u2019une mise en \u0153uvre efficace de la <a href=\"https:\/\/www.workcontrol.ch\/fr\/loi-sur-les-travailleurs-detaches-et-responsabilite-solidaire\/\" title=\"Loi sur les travailleurs d\u00e9tach\u00e9s et responsabilit\u00e9 solidaire\">loi sur les travailleurs d\u00e9tach\u00e9s<\/a>.<\/p>\n\n\n\n<p>WORKCONTROL est synonyme de gain de temps et de d\u00e9marches administratives simplifi\u00e9es pour les entrepreneurs contractants et les sous-traitants. Tous profitent de la s\u00e9curit\u00e9 juridique et de l\u2019application, conforme aux principes de protection des donn\u00e9es, du devoir de diligence et de la charge de la preuve concernant les conditions minimales de travail et de salaire.<\/p>\n<\/div><\/div>\n<\/div><!--\/ .wp-block-columns -->\n<\/div><\/div>\n","protected":false},"excerpt":{"rendered":"<p>Mise en \u0153uvre conjointe de la loi sur les travailleurs d\u00e9tach\u00e9s et de la responsabilit\u00e9 solidaire Badge Badge WORKCONTROL \u2013 l\u2019acc\u00e8s valid\u00e9 au chantier En&hellip;<\/p>\n<div class=\"wp-block-buttons\">\n<div class=\"wp-block-button is-style-wcs-btn btn-wcs-primary arrowed more-link\"><a class=\"wp-block-button__link\" href=\"https:\/\/www.workcontrol.ch\/fr\/\">Lire la suite <span class=\"screen-reader-text\">Home<\/span><\/a><\/div>\n<\/div>\n","protected":false},"author":1,"featured_media":0,"parent":0,"menu_order":0,"comment_status":"closed","ping_status":"open","template":"","meta":{"footnotes":""},"class_list":["post-580","page","type-page","status-publish","hentry","entry"],"yoast_head":"<!-- This site is optimized with the Yoast SEO plugin v27.2 - https:\/\/yoast.com\/product\/yoast-seo-wordpress\/ -->\n<title>WORKCONTROL Suisse | services dans le secteur de la construction<\/title>\n<meta name=\"description\" content=\"Plateforme de services pour le secteur de la construction suisse. Entrepreneurs contractants et sous-traitants. Loi sur les travailleurs d\u00e9tach\u00e9s.\" \/>\n<meta name=\"robots\" content=\"index, follow, max-snippet:-1, max-image-preview:large, max-video-preview:-1\" \/>\n<link rel=\"canonical\" href=\"https:\/\/www.workcontrol.ch\/fr\/\" \/>\n<meta property=\"og:locale\" content=\"fr_FR\" \/>\n<meta property=\"og:type\" content=\"article\" \/>\n<meta property=\"og:title\" content=\"WORKCONTROL Suisse | services dans le secteur de la construction\" \/>\n<meta property=\"og:description\" content=\"Plateforme de services pour le secteur de la construction suisse. Entrepreneurs contractants et sous-traitants. Loi sur les travailleurs d\u00e9tach\u00e9s.\" \/>\n<meta property=\"og:url\" content=\"https:\/\/www.workcontrol.ch\/fr\/\" \/>\n<meta property=\"og:site_name\" content=\"Workcontrol Suisse\" \/>\n<meta property=\"article:modified_time\" content=\"2024-05-01T08:01:42+00:00\" \/>\n<meta name=\"twitter:card\" content=\"summary_large_image\" \/>\n<script type=\"application\/ld+json\" class=\"yoast-schema-graph\">{\"@context\":\"https:\/\/schema.org\",\"@graph\":[{\"@type\":\"WebPage\",\"@id\":\"https:\/\/www.workcontrol.ch\/fr\/\",\"url\":\"https:\/\/www.workcontrol.ch\/fr\/\",\"name\":\"WORKCONTROL Suisse | services dans le secteur de la construction\",\"isPartOf\":{\"@id\":\"https:\/\/www.workcontrol.ch\/fr\/#website\"},\"datePublished\":\"2021-08-19T15:03:19+00:00\",\"dateModified\":\"2024-05-01T08:01:42+00:00\",\"description\":\"Plateforme de services pour le secteur de la construction suisse. Entrepreneurs contractants et sous-traitants. Loi sur les travailleurs d\u00e9tach\u00e9s.\",\"breadcrumb\":{\"@id\":\"https:\/\/www.workcontrol.ch\/fr\/#breadcrumb\"},\"inLanguage\":\"fr-FR\",\"potentialAction\":[{\"@type\":\"ReadAction\",\"target\":[\"https:\/\/www.workcontrol.ch\/fr\/\"]}]},{\"@type\":\"BreadcrumbList\",\"@id\":\"https:\/\/www.workcontrol.ch\/fr\/#breadcrumb\",\"itemListElement\":[{\"@type\":\"ListItem\",\"position\":1,\"name\":\"Home\",\"item\":\"https:\/\/www.workcontrol.ch\/fr\/\"},{\"@type\":\"ListItem\",\"position\":2,\"name\":\"Home\"}]},{\"@type\":\"WebSite\",\"@id\":\"https:\/\/www.workcontrol.ch\/fr\/#website\",\"url\":\"https:\/\/www.workcontrol.ch\/fr\/\",\"name\":\"Workcontrol Suisse\",\"description\":\"Entsendegesetz und Solidarhaftung gemeinsam umgesetzt\",\"publisher\":{\"@id\":\"https:\/\/www.workcontrol.ch\/fr\/#organization\"},\"potentialAction\":[{\"@type\":\"SearchAction\",\"target\":{\"@type\":\"EntryPoint\",\"urlTemplate\":\"https:\/\/www.workcontrol.ch\/fr\/?s={search_term_string}\"},\"query-input\":{\"@type\":\"PropertyValueSpecification\",\"valueRequired\":true,\"valueName\":\"search_term_string\"}}],\"inLanguage\":\"fr-FR\"},{\"@type\":\"Organization\",\"@id\":\"https:\/\/www.workcontrol.ch\/fr\/#organization\",\"name\":\"WORKCONTROL Suisse AG\",\"url\":\"https:\/\/www.workcontrol.ch\/fr\/\",\"logo\":{\"@type\":\"ImageObject\",\"inLanguage\":\"fr-FR\",\"@id\":\"https:\/\/www.workcontrol.ch\/fr\/#\/schema\/logo\/image\/\",\"url\":\"https:\/\/www.workcontrol.ch\/wp-content\/uploads\/logo-workcontrol-suisse.png\",\"contentUrl\":\"https:\/\/www.workcontrol.ch\/wp-content\/uploads\/logo-workcontrol-suisse.png\",\"width\":538,\"height\":128,\"caption\":\"WORKCONTROL Suisse AG\"},\"image\":{\"@id\":\"https:\/\/www.workcontrol.ch\/fr\/#\/schema\/logo\/image\/\"},\"sameAs\":[\"https:\/\/www.linkedin.com\/company\/workcontrol-suisse\/\"]}]}<\/script>\n<!-- \/ Yoast SEO plugin. -->","yoast_head_json":{"title":"WORKCONTROL Suisse | services dans le secteur de la construction","description":"Plateforme de services pour le secteur de la construction suisse. Entrepreneurs contractants et sous-traitants. Loi sur les travailleurs d\u00e9tach\u00e9s.","robots":{"index":"index","follow":"follow","max-snippet":"max-snippet:-1","max-image-preview":"max-image-preview:large","max-video-preview":"max-video-preview:-1"},"canonical":"https:\/\/www.workcontrol.ch\/fr\/","og_locale":"fr_FR","og_type":"article","og_title":"WORKCONTROL Suisse | services dans le secteur de la construction","og_description":"Plateforme de services pour le secteur de la construction suisse. Entrepreneurs contractants et sous-traitants. Loi sur les travailleurs d\u00e9tach\u00e9s.","og_url":"https:\/\/www.workcontrol.ch\/fr\/","og_site_name":"Workcontrol Suisse","article_modified_time":"2024-05-01T08:01:42+00:00","twitter_card":"summary_large_image","schema":{"@context":"https:\/\/schema.org","@graph":[{"@type":"WebPage","@id":"https:\/\/www.workcontrol.ch\/fr\/","url":"https:\/\/www.workcontrol.ch\/fr\/","name":"WORKCONTROL Suisse | services dans le secteur de la construction","isPartOf":{"@id":"https:\/\/www.workcontrol.ch\/fr\/#website"},"datePublished":"2021-08-19T15:03:19+00:00","dateModified":"2024-05-01T08:01:42+00:00","description":"Plateforme de services pour le secteur de la construction suisse. Entrepreneurs contractants et sous-traitants. Loi sur les travailleurs d\u00e9tach\u00e9s.","breadcrumb":{"@id":"https:\/\/www.workcontrol.ch\/fr\/#breadcrumb"},"inLanguage":"fr-FR","potentialAction":[{"@type":"ReadAction","target":["https:\/\/www.workcontrol.ch\/fr\/"]}]},{"@type":"BreadcrumbList","@id":"https:\/\/www.workcontrol.ch\/fr\/#breadcrumb","itemListElement":[{"@type":"ListItem","position":1,"name":"Home","item":"https:\/\/www.workcontrol.ch\/fr\/"},{"@type":"ListItem","position":2,"name":"Home"}]},{"@type":"WebSite","@id":"https:\/\/www.workcontrol.ch\/fr\/#website","url":"https:\/\/www.workcontrol.ch\/fr\/","name":"Workcontrol Suisse","description":"Entsendegesetz und Solidarhaftung gemeinsam umgesetzt","publisher":{"@id":"https:\/\/www.workcontrol.ch\/fr\/#organization"},"potentialAction":[{"@type":"SearchAction","target":{"@type":"EntryPoint","urlTemplate":"https:\/\/www.workcontrol.ch\/fr\/?s={search_term_string}"},"query-input":{"@type":"PropertyValueSpecification","valueRequired":true,"valueName":"search_term_string"}}],"inLanguage":"fr-FR"},{"@type":"Organization","@id":"https:\/\/www.workcontrol.ch\/fr\/#organization","name":"WORKCONTROL Suisse AG","url":"https:\/\/www.workcontrol.ch\/fr\/","logo":{"@type":"ImageObject","inLanguage":"fr-FR","@id":"https:\/\/www.workcontrol.ch\/fr\/#\/schema\/logo\/image\/","url":"https:\/\/www.workcontrol.ch\/wp-content\/uploads\/logo-workcontrol-suisse.png","contentUrl":"https:\/\/www.workcontrol.ch\/wp-content\/uploads\/logo-workcontrol-suisse.png","width":538,"height":128,"caption":"WORKCONTROL Suisse AG"},"image":{"@id":"https:\/\/www.workcontrol.ch\/fr\/#\/schema\/logo\/image\/"},"sameAs":["https:\/\/www.linkedin.com\/company\/workcontrol-suisse\/"]}]}},"_links":{"self":[{"href":"https:\/\/www.workcontrol.ch\/fr\/wp-json\/wp\/v2\/pages\/580","targetHints":{"allow":["GET"]}}],"collection":[{"href":"https:\/\/www.workcontrol.ch\/fr\/wp-json\/wp\/v2\/pages"}],"about":[{"href":"https:\/\/www.workcontrol.ch\/fr\/wp-json\/wp\/v2\/types\/page"}],"author":[{"embeddable":true,"href":"https:\/\/www.workcontrol.ch\/fr\/wp-json\/wp\/v2\/users\/1"}],"replies":[{"embeddable":true,"href":"https:\/\/www.workcontrol.ch\/fr\/wp-json\/wp\/v2\/comments?post=580"}],"version-history":[{"count":7,"href":"https:\/\/www.workcontrol.ch\/fr\/wp-json\/wp\/v2\/pages\/580\/revisions"}],"predecessor-version":[{"id":1906,"href":"https:\/\/www.workcontrol.ch\/fr\/wp-json\/wp\/v2\/pages\/580\/revisions\/1906"}],"wp:attachment":[{"href":"https:\/\/www.workcontrol.ch\/fr\/wp-json\/wp\/v2\/media?parent=580"}],"curies":[{"name":"wp","href":"https:\/\/api.w.org\/{rel}","templated":true}]}}