{"id":524,"date":"2021-06-18T09:25:22","date_gmt":"2021-06-18T07:25:22","guid":{"rendered":"https:\/\/www.workcontrol.ch\/impressum\/"},"modified":"2025-09-19T12:23:17","modified_gmt":"2025-09-19T10:23:17","slug":"mentions-legales","status":"publish","type":"page","link":"https:\/\/www.workcontrol.ch\/fr\/mentions-legales\/","title":{"rendered":"Mentions l\u00e9gales"},"content":{"rendered":"\n<p><strong><strong>Responsabilit\u00e9 g\u00e9n\u00e9rale<\/strong><\/strong><br>WORKCONTROL Suisse AG, D\u00fcdingen<\/p>\n\n\n\n<p><strong><strong>Conception, r\u00e9daction et direction de projet<\/strong><\/strong><br>Sandra Wetzel Kommunikation AG, <a href=\"https:\/\/www.sw-kommunikation.ch\" target=\"_blank\" rel=\"noreferrer noopener\">sw-kommunikation.ch<\/a><\/p>\n\n\n\n<p><strong><strong>R\u00e9alisation technique<\/strong><\/strong><br>Agence Web fahrenheit, <a href=\"https:\/\/www.fahrenheit.ch\" target=\"_blank\" rel=\"noreferrer noopener\">fahrenheit.ch<\/a><\/p>\n\n\n\n<p><strong><strong>Photographie<\/strong><\/strong><br>Rolf Siegenthaler photographe, <a href=\"https:\/\/www.ansicht.net\" target=\"_blank\" rel=\"noreferrer noopener\">ansicht.net<\/a><\/p>\n\n\n\n<p><\/p>\n","protected":false},"excerpt":{"rendered":"<p>Responsabilit\u00e9 g\u00e9n\u00e9raleWORKCONTROL Suisse AG, D\u00fcdingen Conception, r\u00e9daction et direction de projetSandra Wetzel Kommunikation AG, sw-kommunikation.ch R\u00e9alisation techniqueAgence Web fahrenheit, fahrenheit.ch PhotographieRolf Siegenthaler photographe, ansicht.net<\/p>\n","protected":false},"author":1,"featured_media":0,"parent":0,"menu_order":9900,"comment_status":"closed","ping_status":"closed","template":"tmpl-extrapages-page.php","meta":{"footnotes":""},"class_list":["post-524","page","type-page","status-publish","hentry","entry"],"yoast_head":"<!-- This site is optimized with the Yoast SEO plugin v27.2 - https:\/\/yoast.com\/product\/yoast-seo-wordpress\/ -->\n<title>Mentions l\u00e9gales - Workcontrol Suisse<\/title>\n<meta name=\"robots\" content=\"index, follow, max-snippet:-1, max-image-preview:large, max-video-preview:-1\" \/>\n<link rel=\"canonical\" href=\"https:\/\/www.workcontrol.ch\/fr\/mentions-legales\/\" \/>\n<meta property=\"og:locale\" content=\"fr_FR\" \/>\n<meta property=\"og:type\" content=\"article\" \/>\n<meta property=\"og:title\" content=\"Mentions l\u00e9gales - Workcontrol Suisse\" \/>\n<meta property=\"og:description\" content=\"Responsabilit\u00e9 g\u00e9n\u00e9raleWORKCONTROL Suisse AG, D\u00fcdingen Conception, r\u00e9daction et direction de projetSandra Wetzel Kommunikation AG, sw-kommunikation.ch R\u00e9alisation techniqueAgence Web fahrenheit, fahrenheit.ch PhotographieRolf Siegenthaler photographe, ansicht.net\" \/>\n<meta property=\"og:url\" content=\"https:\/\/www.workcontrol.ch\/fr\/mentions-legales\/\" \/>\n<meta property=\"og:site_name\" content=\"Workcontrol Suisse\" \/>\n<meta property=\"article:modified_time\" content=\"2025-09-19T10:23:17+00:00\" \/>\n<meta name=\"twitter:card\" content=\"summary_large_image\" \/>\n<script type=\"application\/ld+json\" class=\"yoast-schema-graph\">{\"@context\":\"https:\/\/schema.org\",\"@graph\":[{\"@type\":\"WebPage\",\"@id\":\"https:\/\/www.workcontrol.ch\/fr\/mentions-legales\/\",\"url\":\"https:\/\/www.workcontrol.ch\/fr\/mentions-legales\/\",\"name\":\"Mentions l\u00e9gales - Workcontrol Suisse\",\"isPartOf\":{\"@id\":\"https:\/\/www.workcontrol.ch\/fr\/#website\"},\"datePublished\":\"2021-06-18T07:25:22+00:00\",\"dateModified\":\"2025-09-19T10:23:17+00:00\",\"breadcrumb\":{\"@id\":\"https:\/\/www.workcontrol.ch\/fr\/mentions-legales\/#breadcrumb\"},\"inLanguage\":\"fr-FR\",\"potentialAction\":[{\"@type\":\"ReadAction\",\"target\":[\"https:\/\/www.workcontrol.ch\/fr\/mentions-legales\/\"]}]},{\"@type\":\"BreadcrumbList\",\"@id\":\"https:\/\/www.workcontrol.ch\/fr\/mentions-legales\/#breadcrumb\",\"itemListElement\":[{\"@type\":\"ListItem\",\"position\":1,\"name\":\"Home\",\"item\":\"https:\/\/www.workcontrol.ch\/fr\/\"},{\"@type\":\"ListItem\",\"position\":2,\"name\":\"Mentions l\u00e9gales\"}]},{\"@type\":\"WebSite\",\"@id\":\"https:\/\/www.workcontrol.ch\/fr\/#website\",\"url\":\"https:\/\/www.workcontrol.ch\/fr\/\",\"name\":\"Workcontrol Suisse\",\"description\":\"Entsendegesetz und Solidarhaftung gemeinsam umgesetzt\",\"publisher\":{\"@id\":\"https:\/\/www.workcontrol.ch\/fr\/#organization\"},\"potentialAction\":[{\"@type\":\"SearchAction\",\"target\":{\"@type\":\"EntryPoint\",\"urlTemplate\":\"https:\/\/www.workcontrol.ch\/fr\/?s={search_term_string}\"},\"query-input\":{\"@type\":\"PropertyValueSpecification\",\"valueRequired\":true,\"valueName\":\"search_term_string\"}}],\"inLanguage\":\"fr-FR\"},{\"@type\":\"Organization\",\"@id\":\"https:\/\/www.workcontrol.ch\/fr\/#organization\",\"name\":\"WORKCONTROL Suisse AG\",\"url\":\"https:\/\/www.workcontrol.ch\/fr\/\",\"logo\":{\"@type\":\"ImageObject\",\"inLanguage\":\"fr-FR\",\"@id\":\"https:\/\/www.workcontrol.ch\/fr\/#\/schema\/logo\/image\/\",\"url\":\"https:\/\/www.workcontrol.ch\/wp-content\/uploads\/logo-workcontrol-suisse.png\",\"contentUrl\":\"https:\/\/www.workcontrol.ch\/wp-content\/uploads\/logo-workcontrol-suisse.png\",\"width\":538,\"height\":128,\"caption\":\"WORKCONTROL Suisse AG\"},\"image\":{\"@id\":\"https:\/\/www.workcontrol.ch\/fr\/#\/schema\/logo\/image\/\"},\"sameAs\":[\"https:\/\/www.linkedin.com\/company\/workcontrol-suisse\/\"]}]}<\/script>\n<!-- \/ Yoast SEO plugin. -->","yoast_head_json":{"title":"Mentions l\u00e9gales - Workcontrol Suisse","robots":{"index":"index","follow":"follow","max-snippet":"max-snippet:-1","max-image-preview":"max-image-preview:large","max-video-preview":"max-video-preview:-1"},"canonical":"https:\/\/www.workcontrol.ch\/fr\/mentions-legales\/","og_locale":"fr_FR","og_type":"article","og_title":"Mentions l\u00e9gales - Workcontrol Suisse","og_description":"Responsabilit\u00e9 g\u00e9n\u00e9raleWORKCONTROL Suisse AG, D\u00fcdingen Conception, r\u00e9daction et direction de projetSandra Wetzel Kommunikation AG, sw-kommunikation.ch R\u00e9alisation techniqueAgence Web fahrenheit, fahrenheit.ch PhotographieRolf Siegenthaler photographe, ansicht.net","og_url":"https:\/\/www.workcontrol.ch\/fr\/mentions-legales\/","og_site_name":"Workcontrol Suisse","article_modified_time":"2025-09-19T10:23:17+00:00","twitter_card":"summary_large_image","schema":{"@context":"https:\/\/schema.org","@graph":[{"@type":"WebPage","@id":"https:\/\/www.workcontrol.ch\/fr\/mentions-legales\/","url":"https:\/\/www.workcontrol.ch\/fr\/mentions-legales\/","name":"Mentions l\u00e9gales - Workcontrol Suisse","isPartOf":{"@id":"https:\/\/www.workcontrol.ch\/fr\/#website"},"datePublished":"2021-06-18T07:25:22+00:00","dateModified":"2025-09-19T10:23:17+00:00","breadcrumb":{"@id":"https:\/\/www.workcontrol.ch\/fr\/mentions-legales\/#breadcrumb"},"inLanguage":"fr-FR","potentialAction":[{"@type":"ReadAction","target":["https:\/\/www.workcontrol.ch\/fr\/mentions-legales\/"]}]},{"@type":"BreadcrumbList","@id":"https:\/\/www.workcontrol.ch\/fr\/mentions-legales\/#breadcrumb","itemListElement":[{"@type":"ListItem","position":1,"name":"Home","item":"https:\/\/www.workcontrol.ch\/fr\/"},{"@type":"ListItem","position":2,"name":"Mentions l\u00e9gales"}]},{"@type":"WebSite","@id":"https:\/\/www.workcontrol.ch\/fr\/#website","url":"https:\/\/www.workcontrol.ch\/fr\/","name":"Workcontrol Suisse","description":"Entsendegesetz und Solidarhaftung gemeinsam umgesetzt","publisher":{"@id":"https:\/\/www.workcontrol.ch\/fr\/#organization"},"potentialAction":[{"@type":"SearchAction","target":{"@type":"EntryPoint","urlTemplate":"https:\/\/www.workcontrol.ch\/fr\/?s={search_term_string}"},"query-input":{"@type":"PropertyValueSpecification","valueRequired":true,"valueName":"search_term_string"}}],"inLanguage":"fr-FR"},{"@type":"Organization","@id":"https:\/\/www.workcontrol.ch\/fr\/#organization","name":"WORKCONTROL Suisse AG","url":"https:\/\/www.workcontrol.ch\/fr\/","logo":{"@type":"ImageObject","inLanguage":"fr-FR","@id":"https:\/\/www.workcontrol.ch\/fr\/#\/schema\/logo\/image\/","url":"https:\/\/www.workcontrol.ch\/wp-content\/uploads\/logo-workcontrol-suisse.png","contentUrl":"https:\/\/www.workcontrol.ch\/wp-content\/uploads\/logo-workcontrol-suisse.png","width":538,"height":128,"caption":"WORKCONTROL Suisse AG"},"image":{"@id":"https:\/\/www.workcontrol.ch\/fr\/#\/schema\/logo\/image\/"},"sameAs":["https:\/\/www.linkedin.com\/company\/workcontrol-suisse\/"]}]}},"_links":{"self":[{"href":"https:\/\/www.workcontrol.ch\/fr\/wp-json\/wp\/v2\/pages\/524","targetHints":{"allow":["GET"]}}],"collection":[{"href":"https:\/\/www.workcontrol.ch\/fr\/wp-json\/wp\/v2\/pages"}],"about":[{"href":"https:\/\/www.workcontrol.ch\/fr\/wp-json\/wp\/v2\/types\/page"}],"author":[{"embeddable":true,"href":"https:\/\/www.workcontrol.ch\/fr\/wp-json\/wp\/v2\/users\/1"}],"replies":[{"embeddable":true,"href":"https:\/\/www.workcontrol.ch\/fr\/wp-json\/wp\/v2\/comments?post=524"}],"version-history":[{"count":4,"href":"https:\/\/www.workcontrol.ch\/fr\/wp-json\/wp\/v2\/pages\/524\/revisions"}],"predecessor-version":[{"id":2686,"href":"https:\/\/www.workcontrol.ch\/fr\/wp-json\/wp\/v2\/pages\/524\/revisions\/2686"}],"wp:attachment":[{"href":"https:\/\/www.workcontrol.ch\/fr\/wp-json\/wp\/v2\/media?parent=524"}],"curies":[{"name":"wp","href":"https:\/\/api.w.org\/{rel}","templated":true}]}}